{"id":2694,"date":"2025-04-05T19:00:03","date_gmt":"2025-04-05T19:00:03","guid":{"rendered":"http:\/\/garciaprats.eu\/personalizar-cookies\/"},"modified":"2025-04-06T20:35:22","modified_gmt":"2025-04-06T20:35:22","slug":"personalizar-cookies","status":"publish","type":"page","link":"https:\/\/garciaprats.eu\/en\/personalizar-cookies\/","title":{"rendered":"Customize Cookies"},"content":{"rendered":"<div>\n      <div id=\"custom-cookies-eu-label\">\n          El sitio Web https:\/\/garciaprats.eu utiliza cookies propias y de terceros para su correcto funcionamiento y para fines anal\u00edticos. Al hacer clic en el bot\u00f3n Aceptar, acepta el uso de estas tecnolog\u00edas y el procesamiento de sus datos para estos prop\u00f3sitos.          \n\n      <\/div>\n\n      <div id=\"custom-cookies-eu-buttons\" class=\"cookies-eu-buttons\">\n        <button id=\"custom-cookies-eu-reject\" class=\"cookies-eu-reject\">Decline<\/button>\n        <button id=\"custom-cookies-eu-accept\" class=\"cookies-eu-accept\">ACEPTAR TODAS LAS COOKIES<\/button><\/div>\n      <\/div>\n\n<br\/>\n<p>\n\tPuedes cambiar tus preferencias de cookies en cualquier momento si vuelves a la p\u00e1gina de Personalizar cookies, a la que puedes acceder a trav\u00e9s del Aviso de cookies. Para obtener m\u00e1s informaci\u00f3n sobre las cookies y c\u00f3mo las usamos, consulta la p\u00e1gina de <a href=\"https:\/\/garciaprats.eu\/en\/politica-de-cookies\/\">Cookies Policy<\/a>.\n<\/p>\n\n<h3>Cookies t\u00e9cnicas<\/h3>\n<p>\n\tSon aquellas que permiten a los usuarios registrados navegar a trav\u00e9s del sitio Web, del \u00e1rea restringida y a utilizar sus diferentes funciones, como por ejemplo, el sistema de comentarios o el buscador y no pueden ser desactivadas.\n<\/p>\n\n<div class=\"custom-cookies-option\">\n  <h3>Cookies de an\u00e1lisis o medici\u00f3n<\/h3>\n  <span>\n    <input type=\"radio\" name=\"cookies-analytics-option\" value=\"true\" class=\"custom-cookies-radio\" data-consent=\"ANLTCS\" id=\"custom-cookies-accept-analytics\" >\n    <label for=\"custom-cookies-accept-analytics\">Activar<\/label>\n    &nbsp;&nbsp;\n    <input type=\"radio\" name=\"cookies-analytics-option\" value=\"false\" class=\"custom-cookies-radio\" data-consent=\"ANLTCS\" id=\"custom-cookies-reject-analytics\" \n    checked>\n    <label for=\"custom-cookies-reject-analytics\">Desactivar<\/label>\n<\/span>\n<\/div>\n\n<p>\n\tSon aquellas que, bien tratadas por el sitio Web o por terceros, permiten cuantificar el n\u00famero de usuarios y as\u00ed realizar la medici\u00f3n y an\u00e1lisis estad\u00edstico de la utilizaci\u00f3n que hacen los usuarios del sitio Web. Para ello se analiza la navegaci\u00f3n que realizas en este sitio Web con el fin de mejorarlo.\n<\/p>\n\n<div class=\"custom-cookies-option\">\n  <h3>Cookies sociales<\/h3>\n  <span>\n    <input type=\"radio\" name=\"cookies-social-option\" value=\"true\" class=\"custom-cookies-radio\" data-consent=\"SCLS\" id=\"custom-cookies-accept-social\" \n    >\n    <label for=\"custom-cookies-accept-social\">Activar<\/label>\n    &nbsp;&nbsp;\n    <input type=\"radio\" name=\"cookies-social-option\" value=\"false\" class=\"custom-cookies-radio\" data-consent=\"SCLS\" id=\"custom-cookies-reject-social\" \n    checked>\n    <label for=\"custom-cookies-reject-social\">Desactivar<\/label>\n<\/span>\n<\/div>\n\n<p>\n  Son establecidas por las plataformas de redes sociales para permitir a los usuarios compartir contenido con sus amigos y redes.  \n<\/p>","protected":false},"excerpt":{"rendered":"<p>El sitio Web https:\/\/garciaprats.eu utiliza cookies propias y de terceros<\/p>","protected":false},"author":1,"featured_media":0,"parent":0,"menu_order":0,"comment_status":"closed","ping_status":"closed","template":"","meta":{"footnotes":""},"class_list":["post-2694","page","type-page","status-publish","hentry"],"yoast_head":"<!-- This site is optimized with the Yoast SEO plugin v27.2 - https:\/\/yoast.com\/product\/yoast-seo-wordpress\/ -->\n<title>Personalizar Cookies - Garcia Prats<\/title>\n<meta name=\"robots\" content=\"index, follow, max-snippet:-1, max-image-preview:large, max-video-preview:-1\" \/>\n<link rel=\"canonical\" href=\"https:\/\/garciaprats.eu\/en\/personalizar-cookies\/\" \/>\n<meta property=\"og:locale\" content=\"en_GB\" \/>\n<meta property=\"og:type\" content=\"article\" \/>\n<meta property=\"og:title\" content=\"Personalizar Cookies - Garcia Prats\" \/>\n<meta property=\"og:description\" content=\"El sitio Web https:\/\/garciaprats.eu utiliza cookies propias y de terceros\" \/>\n<meta property=\"og:url\" content=\"https:\/\/garciaprats.eu\/en\/personalizar-cookies\/\" \/>\n<meta property=\"og:site_name\" content=\"Garcia Prats\" \/>\n<meta property=\"article:modified_time\" content=\"2025-04-06T20:35:22+00:00\" \/>\n<meta name=\"twitter:card\" content=\"summary_large_image\" \/>\n<script type=\"application\/ld+json\" class=\"yoast-schema-graph\">{\"@context\":\"https:\/\/schema.org\",\"@graph\":[{\"@type\":\"WebPage\",\"@id\":\"https:\/\/garciaprats.eu\/personalizar-cookies\/\",\"url\":\"https:\/\/garciaprats.eu\/personalizar-cookies\/\",\"name\":\"Personalizar Cookies - Garcia Prats\",\"isPartOf\":{\"@id\":\"https:\/\/garciaprats.eu\/#website\"},\"datePublished\":\"2025-04-05T19:00:03+00:00\",\"dateModified\":\"2025-04-06T20:35:22+00:00\",\"breadcrumb\":{\"@id\":\"https:\/\/garciaprats.eu\/personalizar-cookies\/#breadcrumb\"},\"inLanguage\":\"en-GB\",\"potentialAction\":[{\"@type\":\"ReadAction\",\"target\":[\"https:\/\/garciaprats.eu\/personalizar-cookies\/\"]}]},{\"@type\":\"BreadcrumbList\",\"@id\":\"https:\/\/garciaprats.eu\/personalizar-cookies\/#breadcrumb\",\"itemListElement\":[{\"@type\":\"ListItem\",\"position\":1,\"name\":\"Portada\",\"item\":\"https:\/\/garciaprats.eu\/\"},{\"@type\":\"ListItem\",\"position\":2,\"name\":\"Personalizar Cookies\"}]},{\"@type\":\"WebSite\",\"@id\":\"https:\/\/garciaprats.eu\/#website\",\"url\":\"https:\/\/garciaprats.eu\/\",\"name\":\"Garcia Prats\",\"description\":\"Catedr\u00e1tico de Derecho Financiero y Tributario\",\"publisher\":{\"@id\":\"https:\/\/garciaprats.eu\/#\/schema\/person\/cfd263a614ecfc48388dbeae98840eac\"},\"potentialAction\":[{\"@type\":\"SearchAction\",\"target\":{\"@type\":\"EntryPoint\",\"urlTemplate\":\"https:\/\/garciaprats.eu\/?s={search_term_string}\"},\"query-input\":{\"@type\":\"PropertyValueSpecification\",\"valueRequired\":true,\"valueName\":\"search_term_string\"}}],\"inLanguage\":\"en-GB\"},{\"@type\":[\"Person\",\"Organization\"],\"@id\":\"https:\/\/garciaprats.eu\/#\/schema\/person\/cfd263a614ecfc48388dbeae98840eac\",\"name\":\"F. Alfredo Garc\u00eda Prats\",\"image\":{\"@type\":\"ImageObject\",\"inLanguage\":\"en-GB\",\"@id\":\"https:\/\/garciaprats.eu\/wp-content\/uploads\/2025\/03\/DISENOS-UV-2024-FINAL-09-e1742921313783.png\",\"url\":\"https:\/\/garciaprats.eu\/wp-content\/uploads\/2025\/03\/DISENOS-UV-2024-FINAL-09-e1742921313783.png\",\"contentUrl\":\"https:\/\/garciaprats.eu\/wp-content\/uploads\/2025\/03\/DISENOS-UV-2024-FINAL-09-e1742921313783.png\",\"width\":200,\"height\":200,\"caption\":\"F. Alfredo Garc\u00eda Prats\"},\"logo\":{\"@id\":\"https:\/\/garciaprats.eu\/wp-content\/uploads\/2025\/03\/DISENOS-UV-2024-FINAL-09-e1742921313783.png\"},\"description\":\"Francisco Alfredo Garc\u00eda Prats es uno de los referentes m\u00e1s destacados en el \u00e1mbito del Derecho Tributario y la Fiscalidad Internacional en Espa\u00f1a y a nivel internacional.\",\"sameAs\":[\"https:\/\/garciaprats.eu\"]}]}<\/script>\n<!-- \/ Yoast SEO plugin. -->","yoast_head_json":{"title":"Personalizar Cookies - Garcia Prats","robots":{"index":"index","follow":"follow","max-snippet":"max-snippet:-1","max-image-preview":"max-image-preview:large","max-video-preview":"max-video-preview:-1"},"canonical":"https:\/\/garciaprats.eu\/en\/personalizar-cookies\/","og_locale":"en_GB","og_type":"article","og_title":"Personalizar Cookies - Garcia Prats","og_description":"El sitio Web https:\/\/garciaprats.eu utiliza cookies propias y de terceros","og_url":"https:\/\/garciaprats.eu\/en\/personalizar-cookies\/","og_site_name":"Garcia Prats","article_modified_time":"2025-04-06T20:35:22+00:00","twitter_card":"summary_large_image","schema":{"@context":"https:\/\/schema.org","@graph":[{"@type":"WebPage","@id":"https:\/\/garciaprats.eu\/personalizar-cookies\/","url":"https:\/\/garciaprats.eu\/personalizar-cookies\/","name":"Personalizar Cookies - Garcia Prats","isPartOf":{"@id":"https:\/\/garciaprats.eu\/#website"},"datePublished":"2025-04-05T19:00:03+00:00","dateModified":"2025-04-06T20:35:22+00:00","breadcrumb":{"@id":"https:\/\/garciaprats.eu\/personalizar-cookies\/#breadcrumb"},"inLanguage":"en-GB","potentialAction":[{"@type":"ReadAction","target":["https:\/\/garciaprats.eu\/personalizar-cookies\/"]}]},{"@type":"BreadcrumbList","@id":"https:\/\/garciaprats.eu\/personalizar-cookies\/#breadcrumb","itemListElement":[{"@type":"ListItem","position":1,"name":"Portada","item":"https:\/\/garciaprats.eu\/"},{"@type":"ListItem","position":2,"name":"Personalizar Cookies"}]},{"@type":"WebSite","@id":"https:\/\/garciaprats.eu\/#website","url":"https:\/\/garciaprats.eu\/","name":"Garcia Prats","description":"Professor of Financial and Tax Law","publisher":{"@id":"https:\/\/garciaprats.eu\/#\/schema\/person\/cfd263a614ecfc48388dbeae98840eac"},"potentialAction":[{"@type":"SearchAction","target":{"@type":"EntryPoint","urlTemplate":"https:\/\/garciaprats.eu\/?s={search_term_string}"},"query-input":{"@type":"PropertyValueSpecification","valueRequired":true,"valueName":"search_term_string"}}],"inLanguage":"en-GB"},{"@type":["Person","Organization"],"@id":"https:\/\/garciaprats.eu\/#\/schema\/person\/cfd263a614ecfc48388dbeae98840eac","name":"F. Alfredo Garc\u00eda Prats","image":{"@type":"ImageObject","inLanguage":"en-GB","@id":"https:\/\/garciaprats.eu\/wp-content\/uploads\/2025\/03\/DISENOS-UV-2024-FINAL-09-e1742921313783.png","url":"https:\/\/garciaprats.eu\/wp-content\/uploads\/2025\/03\/DISENOS-UV-2024-FINAL-09-e1742921313783.png","contentUrl":"https:\/\/garciaprats.eu\/wp-content\/uploads\/2025\/03\/DISENOS-UV-2024-FINAL-09-e1742921313783.png","width":200,"height":200,"caption":"F. Alfredo Garc\u00eda Prats"},"logo":{"@id":"https:\/\/garciaprats.eu\/wp-content\/uploads\/2025\/03\/DISENOS-UV-2024-FINAL-09-e1742921313783.png"},"description":"Francisco Alfredo Garc\u00eda Prats es uno de los referentes m\u00e1s destacados en el \u00e1mbito del Derecho Tributario y la Fiscalidad Internacional en Espa\u00f1a y a nivel internacional.","sameAs":["https:\/\/garciaprats.eu"]}]}},"_links":{"self":[{"href":"https:\/\/garciaprats.eu\/en\/wp-json\/wp\/v2\/pages\/2694","targetHints":{"allow":["GET"]}}],"collection":[{"href":"https:\/\/garciaprats.eu\/en\/wp-json\/wp\/v2\/pages"}],"about":[{"href":"https:\/\/garciaprats.eu\/en\/wp-json\/wp\/v2\/types\/page"}],"author":[{"embeddable":true,"href":"https:\/\/garciaprats.eu\/en\/wp-json\/wp\/v2\/users\/1"}],"replies":[{"embeddable":true,"href":"https:\/\/garciaprats.eu\/en\/wp-json\/wp\/v2\/comments?post=2694"}],"version-history":[{"count":1,"href":"https:\/\/garciaprats.eu\/en\/wp-json\/wp\/v2\/pages\/2694\/revisions"}],"predecessor-version":[{"id":2771,"href":"https:\/\/garciaprats.eu\/en\/wp-json\/wp\/v2\/pages\/2694\/revisions\/2771"}],"wp:attachment":[{"href":"https:\/\/garciaprats.eu\/en\/wp-json\/wp\/v2\/media?parent=2694"}],"curies":[{"name":"wp","href":"https:\/\/api.w.org\/{rel}","templated":true}]}}