{"id":3532,"date":"2025-05-10T12:35:58","date_gmt":"2025-05-10T12:35:58","guid":{"rendered":"https:\/\/garciaprats.eu\/?page_id=3532"},"modified":"2025-05-19T22:39:24","modified_gmt":"2025-05-19T20:39:24","slug":"curso-de-fiscalidad-internacional","status":"publish","type":"page","link":"https:\/\/garciaprats.eu\/en\/curso-de-fiscalidad-internacional\/","title":{"rendered":"Curso de Fiscalidad Internacional"},"content":{"rendered":"<p><div class=\"fusion-fullwidth fullwidth-box fusion-builder-row-1 fusion-flex-container has-pattern-background has-mask-background nonhundred-percent-fullwidth non-hundred-percent-height-scrolling\" style=\"--link_color: var(--awb-color2);--awb-border-radius-top-left:0px;--awb-border-radius-top-right:0px;--awb-border-radius-bottom-right:0px;--awb-border-radius-bottom-left:0px;--awb-padding-top:-30px;--awb-padding-right:59.9879px;--awb-padding-bottom:6%;--awb-margin-top:-20px;--awb-background-color:rgba(183,183,183,0.61);--awb-flex-wrap:wrap;--awb-flex-wrap-small:wrap;\" ><div class=\"fusion-builder-row fusion-row fusion-flex-align-items-flex-end fusion-flex-content-wrap\" style=\"max-width:1164.8px;margin-left: calc(-4% \/ 2 );margin-right: calc(-4% \/ 2 );\"><div class=\"fusion-layout-column fusion_builder_column fusion-builder-column-0 fusion_builder_column_1_1 1_1 fusion-flex-column\" style=\"--awb-bg-color:var(--awb-color5);--awb-bg-color-hover:var(--awb-color5);--awb-bg-size:cover;--awb-width-large:100%;--awb-margin-top-large:0px;--awb-spacing-right-large:1.92%;--awb-margin-bottom-large:0px;--awb-spacing-left-large:1.92%;--awb-width-medium:100%;--awb-order-medium:0;--awb-spacing-right-medium:1.92%;--awb-spacing-left-medium:1.92%;--awb-width-small:100%;--awb-order-small:0;--awb-spacing-right-small:1.92%;--awb-spacing-left-small:1.92%;\"><div class=\"fusion-column-wrapper fusion-column-has-shadow fusion-flex-justify-content-flex-start fusion-content-layout-column\"><div class=\"fusion-image-element\" style=\"--awb-caption-title-font-family:var(--h2_typography-font-family);--awb-caption-title-font-weight:var(--h2_typography-font-weight);--awb-caption-title-font-style:var(--h2_typography-font-style);--awb-caption-title-size:var(--h2_typography-font-size);--awb-caption-title-transform:var(--h2_typography-text-transform);--awb-caption-title-line-height:var(--h2_typography-line-height);--awb-caption-title-letter-spacing:var(--h2_typography-letter-spacing);\"><span class=\"fusion-imageframe imageframe-none imageframe-1 hover-type-none\"><img decoding=\"async\" width=\"2560\" height=\"498\" alt=\"Banner Curso Garcia Prats (3596 x 700 px)\" title=\"Banner Curso Garcia Prats (3596 x 700 px)\" src=\"https:\/\/garciaprats.eu\/wp-content\/uploads\/2025\/05\/Banner-Curso-Garcia-Prats-3596-x-700-px-scaled.webp\" data-orig-src=\"https:\/\/garciaprats.eu\/wp-content\/uploads\/2025\/05\/Banner-Curso-Garcia-Prats-3596-x-700-px-scaled.webp\" class=\"lazyload img-responsive wp-image-3533\" srcset=\"data:image\/svg+xml,%3Csvg%20xmlns%3D%27http%3A%2F%2Fwww.w3.org%2F2000%2Fsvg%27%20width%3D%272560%27%20height%3D%27498%27%20viewBox%3D%270%200%202560%20498%27%3E%3Crect%20width%3D%272560%27%20height%3D%27498%27%20fill-opacity%3D%220%22%2F%3E%3C%2Fsvg%3E\" data-srcset=\"https:\/\/garciaprats.eu\/wp-content\/uploads\/2025\/05\/Banner-Curso-Garcia-Prats-3596-x-700-px-200x39.webp 200w, https:\/\/garciaprats.eu\/wp-content\/uploads\/2025\/05\/Banner-Curso-Garcia-Prats-3596-x-700-px-400x78.webp 400w, https:\/\/garciaprats.eu\/wp-content\/uploads\/2025\/05\/Banner-Curso-Garcia-Prats-3596-x-700-px-600x117.webp 600w, https:\/\/garciaprats.eu\/wp-content\/uploads\/2025\/05\/Banner-Curso-Garcia-Prats-3596-x-700-px-800x156.webp 800w, https:\/\/garciaprats.eu\/wp-content\/uploads\/2025\/05\/Banner-Curso-Garcia-Prats-3596-x-700-px-1200x234.webp 1200w, https:\/\/garciaprats.eu\/wp-content\/uploads\/2025\/05\/Banner-Curso-Garcia-Prats-3596-x-700-px-scaled.webp 2560w\" data-sizes=\"auto\" data-orig-sizes=\"(max-width: 1024px) 100vw, (max-width: 767px) 100vw, 1200px\" \/><\/span><\/div><\/div><\/div><\/div><\/div><div class=\"fusion-fullwidth fullwidth-box fusion-builder-row-2 fusion-flex-container nonhundred-percent-fullwidth non-hundred-percent-height-scrolling\" style=\"--awb-border-sizes-top:1px;--awb-border-sizes-bottom:1px;--awb-border-sizes-left:0px;--awb-border-sizes-right:0px;--awb-border-color:hsla(var(--awb-color4-h),var(--awb-color4-s),var(--awb-color4-l),calc( var(--awb-color4-a) - 90% ));--awb-border-radius-top-left:0px;--awb-border-radius-top-right:0px;--awb-border-radius-bottom-right:0px;--awb-border-radius-bottom-left:0px;--awb-flex-wrap:wrap;\" ><div class=\"fusion-builder-row fusion-row fusion-flex-align-items-flex-start fusion-flex-content-wrap\" style=\"max-width:calc( 1120px + 0px );margin-left: calc(-0px \/ 2 );margin-right: calc(-0px \/ 2 );\"><div class=\"fusion-layout-column fusion_builder_column fusion-builder-column-1 fusion_builder_column_1_1 1_1 fusion-flex-column\" style=\"--awb-padding-top:20px;--awb-padding-bottom:20px;--awb-bg-size:cover;--awb-width-large:100%;--awb-margin-top-large:0px;--awb-spacing-right-large:0px;--awb-margin-bottom-large:0px;--awb-spacing-left-large:0px;--awb-width-medium:100%;--awb-spacing-right-medium:0px;--awb-spacing-left-medium:0px;--awb-width-small:100%;--awb-spacing-right-small:0px;--awb-spacing-left-small:0px;\"><div class=\"fusion-column-wrapper fusion-column-has-shadow fusion-flex-justify-content-flex-start fusion-content-layout-column\"><\/div><\/div><\/div><\/div><div class=\"fusion-fullwidth fullwidth-box fusion-builder-row-3 fusion-flex-container nonhundred-percent-fullwidth non-hundred-percent-height-scrolling\" style=\"--awb-border-radius-top-left:0px;--awb-border-radius-top-right:0px;--awb-border-radius-bottom-right:0px;--awb-border-radius-bottom-left:0px;--awb-padding-top:0%;--awb-padding-bottom:1%;--awb-flex-wrap:wrap;\" ><div class=\"fusion-builder-row fusion-row fusion-flex-align-items-flex-start fusion-flex-content-wrap\" style=\"max-width:1164.8px;margin-left: calc(-4% \/ 2 );margin-right: calc(-4% \/ 2 );\"><div class=\"fusion-layout-column fusion_builder_column fusion-builder-column-2 fusion_builder_column_3_5 3_5 fusion-flex-column fusion-animated\" style=\"--awb-bg-size:cover;--awb-width-large:60%;--awb-margin-top-large:0px;--awb-spacing-right-large:3.2%;--awb-margin-bottom-large:20px;--awb-spacing-left-large:3.2%;--awb-width-medium:100%;--awb-spacing-right-medium:1.92%;--awb-spacing-left-medium:1.92%;--awb-width-small:100%;--awb-spacing-right-small:1.92%;--awb-spacing-left-small:1.92%;\" data-animationtype=\"fadeInUp\" data-animationduration=\"1.0\" data-animationoffset=\"top-into-view\"><div class=\"fusion-column-wrapper fusion-column-has-shadow fusion-flex-justify-content-flex-start fusion-content-layout-column\"><div class=\"fusion-title title fusion-title-1 fusion-sep-none fusion-title-text fusion-title-size-three\" style=\"--awb-text-color:var(--awb-color6);--awb-margin-top:0px;--awb-margin-bottom:10px;--awb-margin-top-small:40px;--awb-margin-right-small:0px;--awb-margin-bottom-small:0px;--awb-margin-left-small:0px;--awb-font-size:var(--awb-typography2-font-size);\"><h3 class=\"fusion-title-heading title-heading-left fusion-responsive-typography-calculated\" style=\"font-family:var(--awb-typography2-font-family);font-weight:var(--awb-typography2-font-weight);font-style:var(--awb-typography2-font-style);margin:0;letter-spacing:var(--awb-typography2-letter-spacing);text-transform:var(--awb-typography2-text-transform);font-size:1em;--fontSize:20;--minFontSize:20;line-height:var(--awb-typography2-line-height);\">Free Course:<br \/>\nEXTRAORDINARY CLOSING SESSION<br \/>\nINTERNATIONAL TAXATION COURSE<br \/>\n\u201cTAX CHALLENGES OF PILLAR TWO\u201d<\/h3><\/div><div class=\"fusion-text fusion-text-1\" style=\"--awb-content-alignment:left;\"><p>\ud83d\udcc5 <strong>Date:<\/strong> Thursday, May 22, 2025<\/p>\n<p>\ud83d\udd5b <strong>Hour:<\/strong> 17:00 &#8211; 20:00 h<\/p>\n<p>\ud83d\udccd <strong>Place:<\/strong> <span style=\"color: #0000ff;\"><a style=\"color: #0000ff;\" href=\"https:\/\/maps.app.goo.gl\/wefpRDvLZz2FAxUp9\" target=\"_blank\" rel=\"noopener noreferrer nofollow\">Sala de Juntas, Facultad de Ciencias Sociales<\/a><\/span><\/p>\n<p>\ud83c\udf99\ufe0f <strong>Speakers:<\/strong><\/p>\n<p><strong>Dr. Guglielmo Fransoni- Universidad de Foggia<\/strong><\/p>\n<p><strong>Dr. Nicolo Zanotti &#8211; Universidad de Foggia<\/strong><\/p>\n<p><strong>Dr. Alfredo Garc\u00eda Prats &#8211; Universidad de Valencia<\/strong><\/p>\n<\/div><div class=\"fusion-text fusion-text-2\" style=\"--awb-content-alignment:left;\"><p><strong>\ud83c\udfaf Who is it aimed at?<\/strong><\/p>\n<p>Tax, legal, and economic professionals, university students, researchers, and anyone interested in the impact of international changes on the Spanish tax system.<\/p>\n<p><strong>\ud83d\udcdd Free registration (limited places)<\/strong><\/p>\n<p>To attend, it is necessary to make a <strong>pre-registration<\/strong> through the following form:<\/p>\n<\/div><div ><a class=\"fusion-button button-flat fusion-button-default-size button-default fusion-button-default button-1 fusion-button-default-span fusion-button-default-type\" target=\"_blank\" rel=\"noopener noreferrer\" href=\"https:\/\/calendar.google.com\/calendar\/render?action=TEMPLATE&amp;text=Sesi\u00f3n+Extraordinaria+de+Clausura+-+Curso+de+Fiscalidad+Internacional+-+Tax+Challenges+of+Pilar+Two&amp;dates=20250522T150000Z\/20250522T180000Z&amp;details=Sesi\u00f3n+final+del+curso+sobre+Fiscalidad+Internacional+en+la+Universidad+de+Valencia.&amp;location=Universidad+de+Valencia\"><span class=\"fusion-button-text awb-button__text awb-button__text--default\">Add to Calendar<\/span><\/a><\/div><div class=\"fusion-text fusion-text-3 fusion-no-medium-visibility fusion-no-large-visibility\" style=\"--awb-content-alignment:left;\"><p><iframe src=\"https:\/\/docs.google.com\/forms\/d\/e\/1FAIpQLSfFXwylGEpddGTCTue7BqmG9mHvwtjJ05dMHY81vu6ZctAiDQ\/viewform?embedded=true\" width=\"340\" height=\"1093\" frameborder=\"0\" marginwidth=\"0\" marginheight=\"0\">Cargando\u2026<\/iframe><\/p>\n<\/div><div class=\"fusion-text fusion-text-4 fusion-no-small-visibility\" style=\"--awb-content-alignment:left;\"><p><iframe src=\"https:\/\/docs.google.com\/forms\/d\/e\/1FAIpQLSfFXwylGEpddGTCTue7BqmG9mHvwtjJ05dMHY81vu6ZctAiDQ\/viewform?embedded=true\" width=\"640\" height=\"1093\" frameborder=\"0\" marginwidth=\"0\" marginheight=\"0\">Cargando\u2026<\/iframe><\/p>\n<\/div><div class=\"fusion-text fusion-text-5\" style=\"--awb-content-alignment:left;\"><p>After registration, you will receive a confirmation email and after attending, you will be able to receive your <strong>personalized<\/strong> attendance certificate.<\/p>\n<p><strong>\ud83d\udce9 More information<\/strong><\/p>\n<p>For any questions, you can write to us at: <strong><a href=\"mailto:tax@uv.es\">tax@uv.es<\/a><\/strong><\/p>\n<\/div><div class=\"fusion-sharing-box fusion-sharing-box-1 has-taglines layout-floated layout-medium-floated layout-small-stacked\" style=\"background-color:var(--awb-color1);border-color:#cccccc;--awb-separator-border-color:#cccccc;--awb-separator-border-sizes:0px;--awb-alignment:center;--awb-layout:row;--awb-alignment-medium:flex-start;--awb-alignment-small:center;--awb-stacked-align-small:center;\" data-title=\"Page: Curso de Fiscalidad Internacional\" data-description=\"Profesionales del \u00e1mbito fiscal, jur\u00eddico, econ\u00f3mico, estudiantes universitarios, investigadores y cualquier persona interesada.\" data-link=\"https:\/\/garciaprats.eu\/curso-de-fiscalidad-internacional\/\" data-image=\"https:\/\/garciaprats.eu\/wp-content\/uploads\/2025\/05\/Banner-Curo-Internacional-Cuadrado-1024x1024px.webp\"><h4 class=\"tagline\" style=\"color:var(--awb-color2);\">Share Our Course<\/h4><div class=\"fusion-social-networks sharingbox-shortcode-icon-wrapper sharingbox-shortcode-icon-wrapper-1\"><span><a href=\"https:\/\/www.facebook.com\/sharer.php?u=https%3A%2F%2Fgarciaprats.eu%2Fcurso-de-fiscalidad-internacional%2F&amp;t=Page%3A%20Curso%20de%20Fiscalidad%20Internacional\" target=\"_blank\" rel=\"noreferrer\" title=\"Facebook\" aria-label=\"Facebook\" data-placement=\"left\" data-toggle=\"tooltip\" data-title=\"Facebook\"><i class=\"fusion-social-network-icon fusion-tooltip fusion-facebook awb-icon-facebook\" style=\"color:#3b5998;\" aria-hidden=\"true\"><\/i><\/a><\/span><span><a href=\"https:\/\/x.com\/intent\/post?text=Page%3A%20Curso%20de%20Fiscalidad%20Internacional&amp;url=https%3A%2F%2Fgarciaprats.eu%2Fcurso-de-fiscalidad-internacional%2F\" target=\"_blank\" rel=\"noopener noreferrer\" title=\"X\" aria-label=\"X\" data-placement=\"left\" data-toggle=\"tooltip\" data-title=\"X\"><i class=\"fusion-social-network-icon fusion-tooltip fusion-twitter awb-icon-twitter\" style=\"color:#000000;\" aria-hidden=\"true\"><\/i><\/a><\/span><span><a href=\"https:\/\/www.linkedin.com\/shareArticle?mini=true&amp;url=https%3A%2F%2Fgarciaprats.eu%2Fcurso-de-fiscalidad-internacional%2F&amp;title=Page%3A%20Curso%20de%20Fiscalidad%20Internacional&amp;summary=Profesionales%20del%20%C3%A1mbito%20fiscal%2C%20jur%C3%ADdico%2C%20econ%C3%B3mico%2C%20estudiantes%20universitarios%2C%20investigadores%20y%20cualquier%20persona%20interesada.\" target=\"_blank\" rel=\"noopener noreferrer\" title=\"LinkedIn\" aria-label=\"LinkedIn\" data-placement=\"left\" data-toggle=\"tooltip\" data-title=\"LinkedIn\"><i class=\"fusion-social-network-icon fusion-tooltip fusion-linkedin awb-icon-linkedin\" style=\"color:#0077b5;\" aria-hidden=\"true\"><\/i><\/a><\/span><span><a href=\"https:\/\/api.whatsapp.com\/send?text=https%3A%2F%2Fgarciaprats.eu%2Fcurso-de-fiscalidad-internacional%2F\" target=\"_blank\" rel=\"noopener noreferrer\" title=\"WhatsApp\" aria-label=\"WhatsApp\" data-placement=\"left\" data-toggle=\"tooltip\" data-title=\"WhatsApp\"><i class=\"fusion-social-network-icon fusion-tooltip fusion-whatsapp awb-icon-whatsapp\" style=\"color:#77e878;\" aria-hidden=\"true\"><\/i><\/a><\/span><span><a href=\"mailto:?subject=Page%3A%20Curso%20de%20Fiscalidad%20Internacional&amp;body=https%3A%2F%2Fgarciaprats.eu%2Fcurso-de-fiscalidad-internacional%2F\" target=\"_self\" title=\"Email\" aria-label=\"Email\" data-placement=\"left\" data-toggle=\"tooltip\" data-title=\"Email\"><i class=\"fusion-social-network-icon fusion-tooltip fusion-mail awb-icon-mail\" style=\"color:#000000;\" aria-hidden=\"true\"><\/i><\/a><\/span><span><a href=\"https:\/\/pinterest.com\/pin\/create\/button\/?url=https%3A%2F%2Fgarciaprats.eu%2Fcurso-de-fiscalidad-internacional%2F&amp;description=Profesionales%20del%20%C3%A1mbito%20fiscal%2C%20jur%C3%ADdico%2C%20econ%C3%B3mico%2C%20estudiantes%20universitarios%2C%20investigadores%20y%20cualquier%20persona%20interesada.&amp;media=https%3A%2F%2Fgarciaprats.eu%2Fwp-content%2Fuploads%2F2025%2F05%2FBanner-Curo-Internacional-Cuadrado-1024x1024px.webp\" target=\"_blank\" rel=\"noopener noreferrer\" title=\"Pinterest\" aria-label=\"Pinterest\" data-placement=\"left\" data-toggle=\"tooltip\" data-title=\"Pinterest\"><i class=\"fusion-social-network-icon fusion-tooltip fusion-pinterest awb-icon-pinterest\" style=\"color:#bd081c;\" aria-hidden=\"true\"><\/i><\/a><\/span><span><a href=\"https:\/\/t.me\/share\/url?url=https%3A%2F%2Fgarciaprats.eu%2Fcurso-de-fiscalidad-internacional%2F&amp;text=Page%3A%20Curso%20de%20Fiscalidad%20Internacional\" target=\"_blank\" rel=\"noopener noreferrer\" title=\"Telegram\" aria-label=\"Telegram\" data-placement=\"left\" data-toggle=\"tooltip\" data-title=\"Telegram\"><i class=\"fusion-social-network-icon fusion-tooltip fusion-telegram awb-icon-telegram\" style=\"color:#0088cc;\" aria-hidden=\"true\"><\/i><\/a><\/span><\/div><\/div><\/div><\/div><\/div><\/div><\/p>","protected":false},"excerpt":{"rendered":"","protected":false},"author":1,"featured_media":3554,"parent":0,"menu_order":0,"comment_status":"closed","ping_status":"closed","template":"","meta":{"footnotes":""},"class_list":["post-3532","page","type-page","status-publish","has-post-thumbnail","hentry"],"yoast_head":"<!-- This site is optimized with the Yoast SEO plugin v27.2 - https:\/\/yoast.com\/product\/yoast-seo-wordpress\/ -->\n<title>Curso de Fiscalidad Internacional<\/title>\n<meta name=\"description\" content=\"\u00bfA qui\u00e9n va dirigida? Profesionales del \u00e1mbito fiscal, jur\u00eddico, econ\u00f3mico, estudiantes universitarios y cualquier persona interesada.\" \/>\n<meta name=\"robots\" content=\"index, follow, max-snippet:-1, max-image-preview:large, max-video-preview:-1\" \/>\n<link rel=\"canonical\" href=\"https:\/\/garciaprats.eu\/en\/curso-de-fiscalidad-internacional\/\" \/>\n<meta property=\"og:locale\" content=\"en_GB\" \/>\n<meta property=\"og:type\" content=\"article\" \/>\n<meta property=\"og:title\" content=\"Curso de Fiscalidad Internacional\" \/>\n<meta property=\"og:description\" content=\"\u00bfA qui\u00e9n va dirigida? Profesionales del \u00e1mbito fiscal, jur\u00eddico, econ\u00f3mico, estudiantes universitarios y cualquier persona interesada.\" \/>\n<meta property=\"og:url\" content=\"https:\/\/garciaprats.eu\/en\/curso-de-fiscalidad-internacional\/\" \/>\n<meta property=\"og:site_name\" content=\"Garcia Prats\" \/>\n<meta property=\"article:modified_time\" content=\"2025-05-19T20:39:24+00:00\" \/>\n<meta property=\"og:image\" content=\"https:\/\/garciaprats.eu\/wp-content\/uploads\/2025\/05\/Banner-Curo-Internacional-Cuadrado-1024x1024px.webp\" \/>\n\t<meta property=\"og:image:width\" content=\"1024\" \/>\n\t<meta property=\"og:image:height\" content=\"1024\" \/>\n\t<meta property=\"og:image:type\" content=\"image\/webp\" \/>\n<meta name=\"twitter:card\" content=\"summary_large_image\" \/>\n<meta name=\"twitter:label1\" content=\"Estimated reading time\" \/>\n\t<meta name=\"twitter:data1\" content=\"2 minutes\" \/>\n<script type=\"application\/ld+json\" class=\"yoast-schema-graph\">{\"@context\":\"https:\/\/schema.org\",\"@graph\":[{\"@type\":\"WebPage\",\"@id\":\"https:\/\/garciaprats.eu\/curso-de-fiscalidad-internacional\/\",\"url\":\"https:\/\/garciaprats.eu\/curso-de-fiscalidad-internacional\/\",\"name\":\"Curso de Fiscalidad Internacional\",\"isPartOf\":{\"@id\":\"https:\/\/garciaprats.eu\/#website\"},\"primaryImageOfPage\":{\"@id\":\"https:\/\/garciaprats.eu\/curso-de-fiscalidad-internacional\/#primaryimage\"},\"image\":{\"@id\":\"https:\/\/garciaprats.eu\/curso-de-fiscalidad-internacional\/#primaryimage\"},\"thumbnailUrl\":\"https:\/\/garciaprats.eu\/wp-content\/uploads\/2025\/05\/Banner-Curo-Internacional-Cuadrado-1024x1024px.webp\",\"datePublished\":\"2025-05-10T12:35:58+00:00\",\"dateModified\":\"2025-05-19T20:39:24+00:00\",\"description\":\"\u00bfA qui\u00e9n va dirigida? Profesionales del \u00e1mbito fiscal, jur\u00eddico, econ\u00f3mico, estudiantes universitarios y cualquier persona interesada.\",\"breadcrumb\":{\"@id\":\"https:\/\/garciaprats.eu\/curso-de-fiscalidad-internacional\/#breadcrumb\"},\"inLanguage\":\"en-GB\",\"potentialAction\":[{\"@type\":\"ReadAction\",\"target\":[\"https:\/\/garciaprats.eu\/curso-de-fiscalidad-internacional\/\"]}]},{\"@type\":\"ImageObject\",\"inLanguage\":\"en-GB\",\"@id\":\"https:\/\/garciaprats.eu\/curso-de-fiscalidad-internacional\/#primaryimage\",\"url\":\"https:\/\/garciaprats.eu\/wp-content\/uploads\/2025\/05\/Banner-Curo-Internacional-Cuadrado-1024x1024px.webp\",\"contentUrl\":\"https:\/\/garciaprats.eu\/wp-content\/uploads\/2025\/05\/Banner-Curo-Internacional-Cuadrado-1024x1024px.webp\",\"width\":1024,\"height\":1024},{\"@type\":\"BreadcrumbList\",\"@id\":\"https:\/\/garciaprats.eu\/curso-de-fiscalidad-internacional\/#breadcrumb\",\"itemListElement\":[{\"@type\":\"ListItem\",\"position\":1,\"name\":\"Portada\",\"item\":\"https:\/\/garciaprats.eu\/\"},{\"@type\":\"ListItem\",\"position\":2,\"name\":\"Curso de Fiscalidad Internacional\"}]},{\"@type\":\"WebSite\",\"@id\":\"https:\/\/garciaprats.eu\/#website\",\"url\":\"https:\/\/garciaprats.eu\/\",\"name\":\"Garcia Prats\",\"description\":\"Catedr\u00e1tico de Derecho Financiero y Tributario\",\"publisher\":{\"@id\":\"https:\/\/garciaprats.eu\/#\/schema\/person\/cfd263a614ecfc48388dbeae98840eac\"},\"potentialAction\":[{\"@type\":\"SearchAction\",\"target\":{\"@type\":\"EntryPoint\",\"urlTemplate\":\"https:\/\/garciaprats.eu\/?s={search_term_string}\"},\"query-input\":{\"@type\":\"PropertyValueSpecification\",\"valueRequired\":true,\"valueName\":\"search_term_string\"}}],\"inLanguage\":\"en-GB\"},{\"@type\":[\"Person\",\"Organization\"],\"@id\":\"https:\/\/garciaprats.eu\/#\/schema\/person\/cfd263a614ecfc48388dbeae98840eac\",\"name\":\"F. Alfredo Garc\u00eda Prats\",\"image\":{\"@type\":\"ImageObject\",\"inLanguage\":\"en-GB\",\"@id\":\"https:\/\/garciaprats.eu\/wp-content\/uploads\/2025\/03\/DISENOS-UV-2024-FINAL-09-e1742921313783.png\",\"url\":\"https:\/\/garciaprats.eu\/wp-content\/uploads\/2025\/03\/DISENOS-UV-2024-FINAL-09-e1742921313783.png\",\"contentUrl\":\"https:\/\/garciaprats.eu\/wp-content\/uploads\/2025\/03\/DISENOS-UV-2024-FINAL-09-e1742921313783.png\",\"width\":200,\"height\":200,\"caption\":\"F. Alfredo Garc\u00eda Prats\"},\"logo\":{\"@id\":\"https:\/\/garciaprats.eu\/wp-content\/uploads\/2025\/03\/DISENOS-UV-2024-FINAL-09-e1742921313783.png\"},\"description\":\"Francisco Alfredo Garc\u00eda Prats es uno de los referentes m\u00e1s destacados en el \u00e1mbito del Derecho Tributario y la Fiscalidad Internacional en Espa\u00f1a y a nivel internacional.\",\"sameAs\":[\"https:\/\/garciaprats.eu\"]}]}<\/script>\n<!-- \/ Yoast SEO plugin. -->","yoast_head_json":{"title":"Curso de Fiscalidad Internacional","description":"\u00bfA qui\u00e9n va dirigida? Profesionales del \u00e1mbito fiscal, jur\u00eddico, econ\u00f3mico, estudiantes universitarios y cualquier persona interesada.","robots":{"index":"index","follow":"follow","max-snippet":"max-snippet:-1","max-image-preview":"max-image-preview:large","max-video-preview":"max-video-preview:-1"},"canonical":"https:\/\/garciaprats.eu\/en\/curso-de-fiscalidad-internacional\/","og_locale":"en_GB","og_type":"article","og_title":"Curso de Fiscalidad Internacional","og_description":"\u00bfA qui\u00e9n va dirigida? Profesionales del \u00e1mbito fiscal, jur\u00eddico, econ\u00f3mico, estudiantes universitarios y cualquier persona interesada.","og_url":"https:\/\/garciaprats.eu\/en\/curso-de-fiscalidad-internacional\/","og_site_name":"Garcia Prats","article_modified_time":"2025-05-19T20:39:24+00:00","og_image":[{"width":1024,"height":1024,"url":"https:\/\/garciaprats.eu\/wp-content\/uploads\/2025\/05\/Banner-Curo-Internacional-Cuadrado-1024x1024px.webp","type":"image\/webp"}],"twitter_card":"summary_large_image","twitter_misc":{"Estimated reading time":"2 minutes"},"schema":{"@context":"https:\/\/schema.org","@graph":[{"@type":"WebPage","@id":"https:\/\/garciaprats.eu\/curso-de-fiscalidad-internacional\/","url":"https:\/\/garciaprats.eu\/curso-de-fiscalidad-internacional\/","name":"Curso de Fiscalidad Internacional","isPartOf":{"@id":"https:\/\/garciaprats.eu\/#website"},"primaryImageOfPage":{"@id":"https:\/\/garciaprats.eu\/curso-de-fiscalidad-internacional\/#primaryimage"},"image":{"@id":"https:\/\/garciaprats.eu\/curso-de-fiscalidad-internacional\/#primaryimage"},"thumbnailUrl":"https:\/\/garciaprats.eu\/wp-content\/uploads\/2025\/05\/Banner-Curo-Internacional-Cuadrado-1024x1024px.webp","datePublished":"2025-05-10T12:35:58+00:00","dateModified":"2025-05-19T20:39:24+00:00","description":"\u00bfA qui\u00e9n va dirigida? Profesionales del \u00e1mbito fiscal, jur\u00eddico, econ\u00f3mico, estudiantes universitarios y cualquier persona interesada.","breadcrumb":{"@id":"https:\/\/garciaprats.eu\/curso-de-fiscalidad-internacional\/#breadcrumb"},"inLanguage":"en-GB","potentialAction":[{"@type":"ReadAction","target":["https:\/\/garciaprats.eu\/curso-de-fiscalidad-internacional\/"]}]},{"@type":"ImageObject","inLanguage":"en-GB","@id":"https:\/\/garciaprats.eu\/curso-de-fiscalidad-internacional\/#primaryimage","url":"https:\/\/garciaprats.eu\/wp-content\/uploads\/2025\/05\/Banner-Curo-Internacional-Cuadrado-1024x1024px.webp","contentUrl":"https:\/\/garciaprats.eu\/wp-content\/uploads\/2025\/05\/Banner-Curo-Internacional-Cuadrado-1024x1024px.webp","width":1024,"height":1024},{"@type":"BreadcrumbList","@id":"https:\/\/garciaprats.eu\/curso-de-fiscalidad-internacional\/#breadcrumb","itemListElement":[{"@type":"ListItem","position":1,"name":"Portada","item":"https:\/\/garciaprats.eu\/"},{"@type":"ListItem","position":2,"name":"Curso de Fiscalidad Internacional"}]},{"@type":"WebSite","@id":"https:\/\/garciaprats.eu\/#website","url":"https:\/\/garciaprats.eu\/","name":"Garcia Prats","description":"Professor of Financial and Tax Law","publisher":{"@id":"https:\/\/garciaprats.eu\/#\/schema\/person\/cfd263a614ecfc48388dbeae98840eac"},"potentialAction":[{"@type":"SearchAction","target":{"@type":"EntryPoint","urlTemplate":"https:\/\/garciaprats.eu\/?s={search_term_string}"},"query-input":{"@type":"PropertyValueSpecification","valueRequired":true,"valueName":"search_term_string"}}],"inLanguage":"en-GB"},{"@type":["Person","Organization"],"@id":"https:\/\/garciaprats.eu\/#\/schema\/person\/cfd263a614ecfc48388dbeae98840eac","name":"F. Alfredo Garc\u00eda Prats","image":{"@type":"ImageObject","inLanguage":"en-GB","@id":"https:\/\/garciaprats.eu\/wp-content\/uploads\/2025\/03\/DISENOS-UV-2024-FINAL-09-e1742921313783.png","url":"https:\/\/garciaprats.eu\/wp-content\/uploads\/2025\/03\/DISENOS-UV-2024-FINAL-09-e1742921313783.png","contentUrl":"https:\/\/garciaprats.eu\/wp-content\/uploads\/2025\/03\/DISENOS-UV-2024-FINAL-09-e1742921313783.png","width":200,"height":200,"caption":"F. Alfredo Garc\u00eda Prats"},"logo":{"@id":"https:\/\/garciaprats.eu\/wp-content\/uploads\/2025\/03\/DISENOS-UV-2024-FINAL-09-e1742921313783.png"},"description":"Francisco Alfredo Garc\u00eda Prats es uno de los referentes m\u00e1s destacados en el \u00e1mbito del Derecho Tributario y la Fiscalidad Internacional en Espa\u00f1a y a nivel internacional.","sameAs":["https:\/\/garciaprats.eu"]}]}},"_links":{"self":[{"href":"https:\/\/garciaprats.eu\/en\/wp-json\/wp\/v2\/pages\/3532","targetHints":{"allow":["GET"]}}],"collection":[{"href":"https:\/\/garciaprats.eu\/en\/wp-json\/wp\/v2\/pages"}],"about":[{"href":"https:\/\/garciaprats.eu\/en\/wp-json\/wp\/v2\/types\/page"}],"author":[{"embeddable":true,"href":"https:\/\/garciaprats.eu\/en\/wp-json\/wp\/v2\/users\/1"}],"replies":[{"embeddable":true,"href":"https:\/\/garciaprats.eu\/en\/wp-json\/wp\/v2\/comments?post=3532"}],"version-history":[{"count":10,"href":"https:\/\/garciaprats.eu\/en\/wp-json\/wp\/v2\/pages\/3532\/revisions"}],"predecessor-version":[{"id":3654,"href":"https:\/\/garciaprats.eu\/en\/wp-json\/wp\/v2\/pages\/3532\/revisions\/3654"}],"wp:featuredmedia":[{"embeddable":true,"href":"https:\/\/garciaprats.eu\/en\/wp-json\/wp\/v2\/media\/3554"}],"wp:attachment":[{"href":"https:\/\/garciaprats.eu\/en\/wp-json\/wp\/v2\/media?parent=3532"}],"curies":[{"name":"wp","href":"https:\/\/api.w.org\/{rel}","templated":true}]}}