{"id":3659,"date":"2025-06-27T12:20:05","date_gmt":"2025-06-27T10:20:05","guid":{"rendered":"https:\/\/garciaprats.eu\/?page_id=3659"},"modified":"2025-07-07T16:57:20","modified_gmt":"2025-07-07T14:57:20","slug":"congreso-2026","status":"publish","type":"page","link":"https:\/\/garciaprats.eu\/en\/congreso-2026\/","title":{"rendered":"Congreso 2026"},"content":{"rendered":"<p><div class=\"fusion-fullwidth fullwidth-box fusion-builder-row-1 fusion-flex-container nonhundred-percent-fullwidth non-hundred-percent-height-scrolling\" style=\"--awb-border-sizes-top:1px;--awb-border-sizes-bottom:1px;--awb-border-sizes-left:0px;--awb-border-sizes-right:0px;--awb-border-color:hsla(var(--awb-color4-h),var(--awb-color4-s),var(--awb-color4-l),calc( var(--awb-color4-a) - 90% ));--awb-border-radius-top-left:0px;--awb-border-radius-top-right:0px;--awb-border-radius-bottom-right:0px;--awb-border-radius-bottom-left:0px;--awb-flex-wrap:wrap;\" ><div class=\"fusion-builder-row fusion-row fusion-flex-align-items-flex-start fusion-flex-content-wrap\" style=\"max-width:calc( 1120px + 0px );margin-left: calc(-0px \/ 2 );margin-right: calc(-0px \/ 2 );\"><div class=\"fusion-layout-column fusion_builder_column fusion-builder-column-0 fusion_builder_column_1_1 1_1 fusion-flex-column\" style=\"--awb-padding-top:20px;--awb-padding-bottom:20px;--awb-bg-size:cover;--awb-width-large:100%;--awb-margin-top-large:0px;--awb-spacing-right-large:0px;--awb-margin-bottom-large:0px;--awb-spacing-left-large:0px;--awb-width-medium:100%;--awb-spacing-right-medium:0px;--awb-spacing-left-medium:0px;--awb-width-small:100%;--awb-spacing-right-small:0px;--awb-spacing-left-small:0px;\"><div class=\"fusion-column-wrapper fusion-column-has-shadow fusion-flex-justify-content-flex-start fusion-content-layout-column\"><\/div><\/div><\/div><\/div><div class=\"fusion-fullwidth fullwidth-box fusion-builder-row-2 fusion-flex-container nonhundred-percent-fullwidth non-hundred-percent-height-scrolling\" style=\"--awb-border-radius-top-left:0px;--awb-border-radius-top-right:0px;--awb-border-radius-bottom-right:0px;--awb-border-radius-bottom-left:0px;--awb-padding-top:0%;--awb-padding-bottom:1%;--awb-flex-wrap:wrap;\" ><div class=\"fusion-builder-row fusion-row fusion-flex-align-items-flex-start fusion-flex-content-wrap\" style=\"max-width:1164.8px;margin-left: calc(-4% \/ 2 );margin-right: calc(-4% \/ 2 );\"><div class=\"fusion-layout-column fusion_builder_column fusion-builder-column-1 fusion_builder_column_3_5 3_5 fusion-flex-column fusion-animated\" style=\"--awb-bg-size:cover;--awb-width-large:60%;--awb-margin-top-large:0px;--awb-spacing-right-large:3.2%;--awb-margin-bottom-large:20px;--awb-spacing-left-large:3.2%;--awb-width-medium:100%;--awb-spacing-right-medium:1.92%;--awb-spacing-left-medium:1.92%;--awb-width-small:100%;--awb-spacing-right-small:1.92%;--awb-spacing-left-small:1.92%;\" data-animationtype=\"fadeInUp\" data-animationduration=\"1.0\" data-animationoffset=\"top-into-view\"><div class=\"fusion-column-wrapper fusion-column-has-shadow fusion-flex-justify-content-flex-start fusion-content-layout-column\"><div class=\"fusion-title title fusion-title-1 fusion-sep-none fusion-title-text fusion-title-size-three\" style=\"--awb-text-color:var(--awb-color6);--awb-margin-top:0px;--awb-margin-bottom:10px;--awb-margin-top-small:40px;--awb-margin-right-small:0px;--awb-margin-bottom-small:0px;--awb-margin-left-small:0px;--awb-font-size:var(--awb-typography2-font-size);\"><h3 class=\"fusion-title-heading title-heading-left fusion-responsive-typography-calculated\" style=\"font-family:var(--awb-typography2-font-family);font-weight:var(--awb-typography2-font-weight);font-style:var(--awb-typography2-font-style);margin:0;letter-spacing:var(--awb-typography2-letter-spacing);text-transform:var(--awb-typography2-text-transform);font-size:1em;--fontSize:20;--minFontSize:20;line-height:var(--awb-typography2-line-height);\">Actividad de Postgrado de la Universidad de Valencia<br \/>\nNUEVOS ESTANDARES TRIBUTARIOS INTERNACIONALES: INCIDENCIA EN LATAM<\/h3><\/div><div class=\"fusion-text fusion-text-1\" style=\"--awb-content-alignment:left;\"><p>\ud83d\udcc5 <strong>Date:<\/strong> 19 AL 22 ENERO 2026<\/p>\n<p>\ud83d\udd5b <strong>Hour:<\/strong> \u00a015:30 \u2013 19:30h.<\/p>\n<p>\ud83d\udccd <strong>Place:<\/strong> Facultad de Derecho Universidad de Valencia<\/p>\n<\/div><div class=\"fusion-text fusion-text-2\" style=\"--awb-content-alignment:left;\"><p><strong>\ud83c\udfaf Who is it aimed at?<\/strong><\/p>\n<p>Tax, legal, and economic professionals, university students, researchers, and anyone interested in the impact of international changes on the Spanish tax system.<\/p>\n<p><strong>\ud83d\udcdd Inscripci\u00f3n &#8211; Precio: 1000\u20ac (850\u20ac inscripci\u00f3n temprana)<\/strong><\/p>\n<p>Para asistir, es necesario\u00a0cumplimentar este formulario y adjuntar al mismo el justificante del pago. Para m\u00e1s informaci\u00f3n, puede escribir al correo tax@uv.es<\/p>\n<p><strong>Datos bancarios inscripciones:<\/strong><\/p>\n<p><strong>&#8211; Entidad bancaria: Caixabank<\/strong><\/p>\n<p><strong>&#8211; Nombre del beneficiario: Universitat de Valencia<\/strong><\/p>\n<p><strong>&#8211; N\u00famero de cuenta: ES39 2100 8681 5102 0011 8489<\/strong><\/p>\n<\/div><div ><a class=\"fusion-button button-flat fusion-button-default-size button-custom fusion-button-default button-1 fusion-button-default-span fusion-button-default-type fusion-has-button-gradient\" style=\"--button_accent_color:var(--awb-color1);--button_accent_hover_color:var(--awb-color1);--button_border_hover_color:var(--awb-color3);--button_gradient_top_color:var(--awb-color3);--button_gradient_bottom_color:var(--awb-color4);--button_gradient_top_color_hover:var(--awb-color3);--button_gradient_bottom_color_hover:var(--awb-color3);\" target=\"_blank\" rel=\"noopener noreferrer\" href=\"https:\/\/www.google.com\/calendar\/render?action=TEMPLATE&amp;text=Actividad+de+Postgrado+de+la+Universidad+de+Valencia+-+NUEVOS+ESTANDARES+TRIBUTARIOS+INTERNACIONALES%3A+INCIDENCIA+EN+LATAM&amp;dates=20260119T143000Z\/20260122T183000Z&amp;details=Facultad+de+Derecho%0AUniversidad+de+Valencia%0A%0ALunes+19+-+Nuevas+propuestas+en+la+fiscalidad+internacional%3A+implicaciones+del+nuevo+marco+de+gobernanza+fiscal%0AMartes+20+-+Retos+de+la+Inteligencia+Artificial%2C+nuevas+tecnolog%C3%ADas+y+criptoactivos%0AMi%C3%A9rcoles+21+-+Digitalizaci%C3%B3n%2C+movilidad+y+tributaci%C3%B3n+de+servicios+transfronterizos%0AJueves+22+-+Mecanismos+de+resoluci%C3%B3n+de+conflictos%3A+procedimiento+amistoso+y+arbitraje&amp;location=Facultad+de+Derecho+Universidad+de+Valencia&amp;ctz=Europe%2FMadrid\"><span class=\"fusion-button-text awb-button__text awb-button__text--default\">Add to Calendar<\/span><\/a><\/div><div class=\"fusion-separator fusion-full-width-sep\" style=\"align-self: center;margin-left: auto;margin-right: auto;margin-top:10px;margin-bottom:10px;width:100%;\"><\/div><div ><a class=\"fusion-button button-3d fusion-button-default-size button-custom fusion-button-default button-2 fusion-button-default-span fusion-has-button-gradient\" style=\"--button_accent_color:var(--awb-color1);--button_accent_hover_color:var(--awb-color1);--button_border_hover_color:var(--awb-color3);--button_gradient_top_color:var(--awb-color2);--button_gradient_bottom_color:var(--awb-color4);--button_gradient_top_color_hover:var(--awb-color3);--button_gradient_bottom_color_hover:var(--awb-color3);--button_padding-top:10px;--button_padding-bottom:10px;\" target=\"_blank\" rel=\"noopener noreferrer\" href=\"https:\/\/docs.google.com\/forms\/d\/e\/1FAIpQLSfIgx7LJiJjcf7rzUOnb6R4ZxKc8hS12suQr6JYQ3n5PwUX4w\/viewform?usp=header\"><i class=\"fa-address-card fas awb-button__icon awb-button__icon--default button-icon-left\" aria-hidden=\"true\"><\/i><span class=\"fusion-button-text awb-button__text awb-button__text--default\">Rellenar Formulario<\/span><\/a><\/div><div class=\"fusion-separator fusion-full-width-sep\" style=\"align-self: center;margin-left: auto;margin-right: auto;margin-top:10px;margin-bottom:10px;width:100%;\"><\/div><div class=\"fusion-text fusion-text-3\" style=\"--awb-content-alignment:left;\"><p>After registration, you will receive a confirmation email and after attending, you will be able to receive your <strong>personalized<\/strong> attendance certificate.<\/p>\n<p><strong>\ud83d\udce9 More information<\/strong><\/p>\n<p>For any questions, you can write to us at: <strong><a href=\"mailto:tax@uv.es\">tax@uv.es<\/a><\/strong><\/p>\n<\/div><div class=\"fusion-sharing-box fusion-sharing-box-1 has-taglines layout-floated layout-medium-floated layout-small-stacked\" style=\"background-color:var(--awb-color1);border-color:#cccccc;--awb-separator-border-color:#cccccc;--awb-separator-border-sizes:0px;--awb-alignment:center;--awb-layout:row;--awb-alignment-medium:flex-start;--awb-alignment-small:center;--awb-stacked-align-small:center;\" data-title=\"NUEVOS ESTANDARES TRIBUTARIOS INTERNACIONALES\" data-description=\"19 AL 22 ENERO 2026 | 15:30 \u2013 19:30h. - Facultad de Derecho Universidad de Valencia - Entrega de diplomas y cena de clausura - Precio: 1000\u20ac (850\u20ac inscripci\u00f3n temprana)\" data-link=\"https:\/\/garciaprats.eu\/congreso-2026\/\" data-image=\"https:\/\/garciaprats.eu\/wp-content\/uploads\/2025\/06\/Seminarios-Actualizacion-1.webp\"><h4 class=\"tagline\" style=\"color:var(--awb-color2);\">Share Our Course<\/h4><div class=\"fusion-social-networks sharingbox-shortcode-icon-wrapper sharingbox-shortcode-icon-wrapper-1\"><span><a href=\"https:\/\/www.facebook.com\/sharer.php?u=https%3A%2F%2Fgarciaprats.eu%2Fcongreso-2026%2F&amp;t=NUEVOS%20ESTANDARES%20TRIBUTARIOS%20INTERNACIONALES\" target=\"_blank\" rel=\"noreferrer\" title=\"Facebook\" aria-label=\"Facebook\" data-placement=\"left\" data-toggle=\"tooltip\" data-title=\"Facebook\"><i class=\"fusion-social-network-icon fusion-tooltip fusion-facebook awb-icon-facebook\" style=\"color:#3b5998;\" aria-hidden=\"true\"><\/i><\/a><\/span><span><a href=\"https:\/\/x.com\/intent\/post?text=NUEVOS%20ESTANDARES%20TRIBUTARIOS%20INTERNACIONALES&amp;url=https%3A%2F%2Fgarciaprats.eu%2Fcongreso-2026%2F\" target=\"_blank\" rel=\"noopener noreferrer\" title=\"X\" aria-label=\"X\" data-placement=\"left\" data-toggle=\"tooltip\" data-title=\"X\"><i class=\"fusion-social-network-icon fusion-tooltip fusion-twitter awb-icon-twitter\" style=\"color:#000000;\" aria-hidden=\"true\"><\/i><\/a><\/span><span><a href=\"https:\/\/www.linkedin.com\/shareArticle?mini=true&amp;url=https%3A%2F%2Fgarciaprats.eu%2Fcongreso-2026%2F&amp;title=NUEVOS%20ESTANDARES%20TRIBUTARIOS%20INTERNACIONALES&amp;summary=19%20AL%2022%20ENERO%202026%20%7C%2015%3A30%20%E2%80%93%2019%3A30h.%20-%20Facultad%20de%20Derecho%20Universidad%20de%20Valencia%20-%20Entrega%20de%20diplomas%20y%20cena%20de%20clausura%20-%20Precio%3A%201000%E2%82%AC%20%28850%E2%82%AC%20inscripci%C3%B3n%20temprana%29\" target=\"_blank\" rel=\"noopener noreferrer\" title=\"LinkedIn\" aria-label=\"LinkedIn\" data-placement=\"left\" data-toggle=\"tooltip\" data-title=\"LinkedIn\"><i class=\"fusion-social-network-icon fusion-tooltip fusion-linkedin awb-icon-linkedin\" style=\"color:#0077b5;\" aria-hidden=\"true\"><\/i><\/a><\/span><span><a href=\"https:\/\/api.whatsapp.com\/send?text=https%3A%2F%2Fgarciaprats.eu%2Fcongreso-2026%2F\" target=\"_blank\" rel=\"noopener noreferrer\" title=\"WhatsApp\" aria-label=\"WhatsApp\" data-placement=\"left\" data-toggle=\"tooltip\" data-title=\"WhatsApp\"><i class=\"fusion-social-network-icon fusion-tooltip fusion-whatsapp awb-icon-whatsapp\" style=\"color:#77e878;\" aria-hidden=\"true\"><\/i><\/a><\/span><span><a href=\"mailto:?subject=NUEVOS%20ESTANDARES%20TRIBUTARIOS%20INTERNACIONALES&amp;body=https%3A%2F%2Fgarciaprats.eu%2Fcongreso-2026%2F\" target=\"_self\" title=\"Email\" aria-label=\"Email\" data-placement=\"left\" data-toggle=\"tooltip\" data-title=\"Email\"><i class=\"fusion-social-network-icon fusion-tooltip fusion-mail awb-icon-mail\" style=\"color:#000000;\" aria-hidden=\"true\"><\/i><\/a><\/span><span><a href=\"https:\/\/pinterest.com\/pin\/create\/button\/?url=https%3A%2F%2Fgarciaprats.eu%2Fcongreso-2026%2F&amp;description=19%20AL%2022%20ENERO%202026%20%7C%2015%3A30%20%E2%80%93%2019%3A30h.%20-%20Facultad%20de%20Derecho%20Universidad%20de%20Valencia%20-%20Entrega%20de%20diplomas%20y%20cena%20de%20clausura%20-%20Precio%3A%201000%E2%82%AC%20%28850%E2%82%AC%20inscripci%C3%B3n%20temprana%29&amp;media=https%3A%2F%2Fgarciaprats.eu%2Fwp-content%2Fuploads%2F2025%2F06%2FSeminarios-Actualizacion-1.webp\" target=\"_blank\" rel=\"noopener noreferrer\" title=\"Pinterest\" aria-label=\"Pinterest\" data-placement=\"left\" data-toggle=\"tooltip\" data-title=\"Pinterest\"><i class=\"fusion-social-network-icon fusion-tooltip fusion-pinterest awb-icon-pinterest\" style=\"color:#bd081c;\" aria-hidden=\"true\"><\/i><\/a><\/span><span><a href=\"https:\/\/t.me\/share\/url?url=https%3A%2F%2Fgarciaprats.eu%2Fcongreso-2026%2F&amp;text=NUEVOS%20ESTANDARES%20TRIBUTARIOS%20INTERNACIONALES\" target=\"_blank\" rel=\"noopener noreferrer\" title=\"Telegram\" aria-label=\"Telegram\" data-placement=\"left\" data-toggle=\"tooltip\" data-title=\"Telegram\"><i class=\"fusion-social-network-icon fusion-tooltip fusion-telegram awb-icon-telegram\" style=\"color:#0088cc;\" aria-hidden=\"true\"><\/i><\/a><\/span><\/div><\/div><\/div><\/div><\/div><\/div><\/p>","protected":false},"excerpt":{"rendered":"","protected":false},"author":1,"featured_media":3656,"parent":0,"menu_order":0,"comment_status":"closed","ping_status":"closed","template":"","meta":{"footnotes":""},"class_list":["post-3659","page","type-page","status-publish","has-post-thumbnail","hentry"],"yoast_head":"<!-- This site is optimized with the Yoast SEO plugin v27.2 - https:\/\/yoast.com\/product\/yoast-seo-wordpress\/ -->\n<title>Congreso 2026 - NUEVOS ESTANDARES TRIBUTARIOS<\/title>\n<meta name=\"description\" content=\"19 AL 22 ENERO 2026 | 15:30 \u2013 19:30h. - Facultad de Derecho Universidad de Valencia - Entrega de diplomas y cena de clausura\" \/>\n<meta name=\"robots\" content=\"index, follow, max-snippet:-1, max-image-preview:large, max-video-preview:-1\" \/>\n<link rel=\"canonical\" href=\"https:\/\/garciaprats.eu\/en\/congreso-2026\/\" \/>\n<meta property=\"og:locale\" content=\"en_GB\" \/>\n<meta property=\"og:type\" content=\"article\" \/>\n<meta property=\"og:title\" content=\"Congreso 2026 - NUEVOS ESTANDARES TRIBUTARIOS INTERNACIONALES\" \/>\n<meta property=\"og:description\" content=\"19 AL 22 ENERO 2026 | 15:30 \u2013 19:30h. - Facultad de Derecho Universidad de Valencia - Entrega de diplomas y cena de clausura - Precio: 1000\u20ac (850\u20ac inscripci\u00f3n temprana)\" \/>\n<meta property=\"og:url\" content=\"https:\/\/garciaprats.eu\/en\/congreso-2026\/\" \/>\n<meta property=\"og:site_name\" content=\"Garcia Prats\" \/>\n<meta property=\"article:modified_time\" content=\"2025-07-07T14:57:20+00:00\" \/>\n<meta property=\"og:image\" content=\"https:\/\/garciaprats.eu\/wp-content\/uploads\/2025\/06\/Seminarios-Actualizacion-1.webp\" \/>\n\t<meta property=\"og:image:width\" content=\"1587\" \/>\n\t<meta property=\"og:image:height\" content=\"2245\" \/>\n\t<meta property=\"og:image:type\" content=\"image\/webp\" \/>\n<meta name=\"twitter:card\" content=\"summary_large_image\" \/>\n<meta name=\"twitter:title\" content=\"Congreso 2026 - NUEVOS ESTANDARES TRIBUTARIOS INTERNACIONALES\" \/>\n<meta name=\"twitter:description\" content=\"19 AL 22 ENERO 2026 | 15:30 \u2013 19:30h. - Facultad de Derecho Universidad de Valencia - Entrega de diplomas y cena de clausura - Precio: 1000\u20ac (850\u20ac inscripci\u00f3n temprana)\" \/>\n<meta name=\"twitter:image\" content=\"https:\/\/garciaprats.eu\/wp-content\/uploads\/2025\/06\/Seminarios-Actualizacion-1.webp\" \/>\n<meta name=\"twitter:label1\" content=\"Estimated reading time\" \/>\n\t<meta name=\"twitter:data1\" content=\"1 minute\" \/>\n<script type=\"application\/ld+json\" class=\"yoast-schema-graph\">{\"@context\":\"https:\/\/schema.org\",\"@graph\":[{\"@type\":\"WebPage\",\"@id\":\"https:\/\/garciaprats.eu\/congreso-2026\/\",\"url\":\"https:\/\/garciaprats.eu\/congreso-2026\/\",\"name\":\"Congreso 2026 - NUEVOS ESTANDARES TRIBUTARIOS\",\"isPartOf\":{\"@id\":\"https:\/\/garciaprats.eu\/#website\"},\"primaryImageOfPage\":{\"@id\":\"https:\/\/garciaprats.eu\/congreso-2026\/#primaryimage\"},\"image\":{\"@id\":\"https:\/\/garciaprats.eu\/congreso-2026\/#primaryimage\"},\"thumbnailUrl\":\"https:\/\/garciaprats.eu\/wp-content\/uploads\/2025\/06\/Seminarios-Actualizacion-1.webp\",\"datePublished\":\"2025-06-27T10:20:05+00:00\",\"dateModified\":\"2025-07-07T14:57:20+00:00\",\"description\":\"19 AL 22 ENERO 2026 | 15:30 \u2013 19:30h. - Facultad de Derecho Universidad de Valencia - Entrega de diplomas y cena de clausura\",\"breadcrumb\":{\"@id\":\"https:\/\/garciaprats.eu\/congreso-2026\/#breadcrumb\"},\"inLanguage\":\"en-GB\",\"potentialAction\":[{\"@type\":\"ReadAction\",\"target\":[\"https:\/\/garciaprats.eu\/congreso-2026\/\"]}]},{\"@type\":\"ImageObject\",\"inLanguage\":\"en-GB\",\"@id\":\"https:\/\/garciaprats.eu\/congreso-2026\/#primaryimage\",\"url\":\"https:\/\/garciaprats.eu\/wp-content\/uploads\/2025\/06\/Seminarios-Actualizacion-1.webp\",\"contentUrl\":\"https:\/\/garciaprats.eu\/wp-content\/uploads\/2025\/06\/Seminarios-Actualizacion-1.webp\",\"width\":1587,\"height\":2245,\"caption\":\"NUEVOS ESTANDARES TRIBUTARIOS INTERNACIONALES: INCIDENCIA EN LATAM\"},{\"@type\":\"BreadcrumbList\",\"@id\":\"https:\/\/garciaprats.eu\/congreso-2026\/#breadcrumb\",\"itemListElement\":[{\"@type\":\"ListItem\",\"position\":1,\"name\":\"Portada\",\"item\":\"https:\/\/garciaprats.eu\/\"},{\"@type\":\"ListItem\",\"position\":2,\"name\":\"Congreso 2026\"}]},{\"@type\":\"WebSite\",\"@id\":\"https:\/\/garciaprats.eu\/#website\",\"url\":\"https:\/\/garciaprats.eu\/\",\"name\":\"Garcia Prats\",\"description\":\"Catedr\u00e1tico de Derecho Financiero y Tributario\",\"publisher\":{\"@id\":\"https:\/\/garciaprats.eu\/#\/schema\/person\/cfd263a614ecfc48388dbeae98840eac\"},\"potentialAction\":[{\"@type\":\"SearchAction\",\"target\":{\"@type\":\"EntryPoint\",\"urlTemplate\":\"https:\/\/garciaprats.eu\/?s={search_term_string}\"},\"query-input\":{\"@type\":\"PropertyValueSpecification\",\"valueRequired\":true,\"valueName\":\"search_term_string\"}}],\"inLanguage\":\"en-GB\"},{\"@type\":[\"Person\",\"Organization\"],\"@id\":\"https:\/\/garciaprats.eu\/#\/schema\/person\/cfd263a614ecfc48388dbeae98840eac\",\"name\":\"F. Alfredo Garc\u00eda Prats\",\"image\":{\"@type\":\"ImageObject\",\"inLanguage\":\"en-GB\",\"@id\":\"https:\/\/garciaprats.eu\/wp-content\/uploads\/2025\/03\/DISENOS-UV-2024-FINAL-09-e1742921313783.png\",\"url\":\"https:\/\/garciaprats.eu\/wp-content\/uploads\/2025\/03\/DISENOS-UV-2024-FINAL-09-e1742921313783.png\",\"contentUrl\":\"https:\/\/garciaprats.eu\/wp-content\/uploads\/2025\/03\/DISENOS-UV-2024-FINAL-09-e1742921313783.png\",\"width\":200,\"height\":200,\"caption\":\"F. Alfredo Garc\u00eda Prats\"},\"logo\":{\"@id\":\"https:\/\/garciaprats.eu\/wp-content\/uploads\/2025\/03\/DISENOS-UV-2024-FINAL-09-e1742921313783.png\"},\"description\":\"Francisco Alfredo Garc\u00eda Prats es uno de los referentes m\u00e1s destacados en el \u00e1mbito del Derecho Tributario y la Fiscalidad Internacional en Espa\u00f1a y a nivel internacional.\",\"sameAs\":[\"https:\/\/garciaprats.eu\"]}]}<\/script>\n<!-- \/ Yoast SEO plugin. -->","yoast_head_json":{"title":"Congreso 2026 - NUEVOS ESTANDARES TRIBUTARIOS","description":"19 AL 22 ENERO 2026 | 15:30 \u2013 19:30h. - Facultad de Derecho Universidad de Valencia - Entrega de diplomas y cena de clausura","robots":{"index":"index","follow":"follow","max-snippet":"max-snippet:-1","max-image-preview":"max-image-preview:large","max-video-preview":"max-video-preview:-1"},"canonical":"https:\/\/garciaprats.eu\/en\/congreso-2026\/","og_locale":"en_GB","og_type":"article","og_title":"Congreso 2026 - NUEVOS ESTANDARES TRIBUTARIOS INTERNACIONALES","og_description":"19 AL 22 ENERO 2026 | 15:30 \u2013 19:30h. - Facultad de Derecho Universidad de Valencia - Entrega de diplomas y cena de clausura - Precio: 1000\u20ac (850\u20ac inscripci\u00f3n temprana)","og_url":"https:\/\/garciaprats.eu\/en\/congreso-2026\/","og_site_name":"Garcia Prats","article_modified_time":"2025-07-07T14:57:20+00:00","og_image":[{"width":1587,"height":2245,"url":"https:\/\/garciaprats.eu\/wp-content\/uploads\/2025\/06\/Seminarios-Actualizacion-1.webp","type":"image\/webp"}],"twitter_card":"summary_large_image","twitter_title":"Congreso 2026 - NUEVOS ESTANDARES TRIBUTARIOS INTERNACIONALES","twitter_description":"19 AL 22 ENERO 2026 | 15:30 \u2013 19:30h. - Facultad de Derecho Universidad de Valencia - Entrega de diplomas y cena de clausura - Precio: 1000\u20ac (850\u20ac inscripci\u00f3n temprana)","twitter_image":"https:\/\/garciaprats.eu\/wp-content\/uploads\/2025\/06\/Seminarios-Actualizacion-1.webp","twitter_misc":{"Estimated reading time":"1 minute"},"schema":{"@context":"https:\/\/schema.org","@graph":[{"@type":"WebPage","@id":"https:\/\/garciaprats.eu\/congreso-2026\/","url":"https:\/\/garciaprats.eu\/congreso-2026\/","name":"Congreso 2026 - NUEVOS ESTANDARES TRIBUTARIOS","isPartOf":{"@id":"https:\/\/garciaprats.eu\/#website"},"primaryImageOfPage":{"@id":"https:\/\/garciaprats.eu\/congreso-2026\/#primaryimage"},"image":{"@id":"https:\/\/garciaprats.eu\/congreso-2026\/#primaryimage"},"thumbnailUrl":"https:\/\/garciaprats.eu\/wp-content\/uploads\/2025\/06\/Seminarios-Actualizacion-1.webp","datePublished":"2025-06-27T10:20:05+00:00","dateModified":"2025-07-07T14:57:20+00:00","description":"19 AL 22 ENERO 2026 | 15:30 \u2013 19:30h. - Facultad de Derecho Universidad de Valencia - Entrega de diplomas y cena de clausura","breadcrumb":{"@id":"https:\/\/garciaprats.eu\/congreso-2026\/#breadcrumb"},"inLanguage":"en-GB","potentialAction":[{"@type":"ReadAction","target":["https:\/\/garciaprats.eu\/congreso-2026\/"]}]},{"@type":"ImageObject","inLanguage":"en-GB","@id":"https:\/\/garciaprats.eu\/congreso-2026\/#primaryimage","url":"https:\/\/garciaprats.eu\/wp-content\/uploads\/2025\/06\/Seminarios-Actualizacion-1.webp","contentUrl":"https:\/\/garciaprats.eu\/wp-content\/uploads\/2025\/06\/Seminarios-Actualizacion-1.webp","width":1587,"height":2245,"caption":"NUEVOS ESTANDARES TRIBUTARIOS INTERNACIONALES: INCIDENCIA EN LATAM"},{"@type":"BreadcrumbList","@id":"https:\/\/garciaprats.eu\/congreso-2026\/#breadcrumb","itemListElement":[{"@type":"ListItem","position":1,"name":"Portada","item":"https:\/\/garciaprats.eu\/"},{"@type":"ListItem","position":2,"name":"Congreso 2026"}]},{"@type":"WebSite","@id":"https:\/\/garciaprats.eu\/#website","url":"https:\/\/garciaprats.eu\/","name":"Garcia Prats","description":"Professor of Financial and Tax Law","publisher":{"@id":"https:\/\/garciaprats.eu\/#\/schema\/person\/cfd263a614ecfc48388dbeae98840eac"},"potentialAction":[{"@type":"SearchAction","target":{"@type":"EntryPoint","urlTemplate":"https:\/\/garciaprats.eu\/?s={search_term_string}"},"query-input":{"@type":"PropertyValueSpecification","valueRequired":true,"valueName":"search_term_string"}}],"inLanguage":"en-GB"},{"@type":["Person","Organization"],"@id":"https:\/\/garciaprats.eu\/#\/schema\/person\/cfd263a614ecfc48388dbeae98840eac","name":"F. Alfredo Garc\u00eda Prats","image":{"@type":"ImageObject","inLanguage":"en-GB","@id":"https:\/\/garciaprats.eu\/wp-content\/uploads\/2025\/03\/DISENOS-UV-2024-FINAL-09-e1742921313783.png","url":"https:\/\/garciaprats.eu\/wp-content\/uploads\/2025\/03\/DISENOS-UV-2024-FINAL-09-e1742921313783.png","contentUrl":"https:\/\/garciaprats.eu\/wp-content\/uploads\/2025\/03\/DISENOS-UV-2024-FINAL-09-e1742921313783.png","width":200,"height":200,"caption":"F. Alfredo Garc\u00eda Prats"},"logo":{"@id":"https:\/\/garciaprats.eu\/wp-content\/uploads\/2025\/03\/DISENOS-UV-2024-FINAL-09-e1742921313783.png"},"description":"Francisco Alfredo Garc\u00eda Prats es uno de los referentes m\u00e1s destacados en el \u00e1mbito del Derecho Tributario y la Fiscalidad Internacional en Espa\u00f1a y a nivel internacional.","sameAs":["https:\/\/garciaprats.eu"]}]}},"_links":{"self":[{"href":"https:\/\/garciaprats.eu\/en\/wp-json\/wp\/v2\/pages\/3659","targetHints":{"allow":["GET"]}}],"collection":[{"href":"https:\/\/garciaprats.eu\/en\/wp-json\/wp\/v2\/pages"}],"about":[{"href":"https:\/\/garciaprats.eu\/en\/wp-json\/wp\/v2\/types\/page"}],"author":[{"embeddable":true,"href":"https:\/\/garciaprats.eu\/en\/wp-json\/wp\/v2\/users\/1"}],"replies":[{"embeddable":true,"href":"https:\/\/garciaprats.eu\/en\/wp-json\/wp\/v2\/comments?post=3659"}],"version-history":[{"count":10,"href":"https:\/\/garciaprats.eu\/en\/wp-json\/wp\/v2\/pages\/3659\/revisions"}],"predecessor-version":[{"id":3682,"href":"https:\/\/garciaprats.eu\/en\/wp-json\/wp\/v2\/pages\/3659\/revisions\/3682"}],"wp:featuredmedia":[{"embeddable":true,"href":"https:\/\/garciaprats.eu\/en\/wp-json\/wp\/v2\/media\/3656"}],"wp:attachment":[{"href":"https:\/\/garciaprats.eu\/en\/wp-json\/wp\/v2\/media?parent=3659"}],"curies":[{"name":"wp","href":"https:\/\/api.w.org\/{rel}","templated":true}]}}